{"id":8611,"date":"2017-02-07T08:13:00","date_gmt":"2017-02-07T07:13:00","guid":{"rendered":"http:\/\/tureality.sk\/blog\/?page_id=8611"},"modified":"2022-08-11T11:12:20","modified_gmt":"2022-08-11T09:12:20","slug":"blog","status":"publish","type":"page","link":"https:\/\/www.tureality.sk\/blog\/blog\/","title":{"rendered":"Blog"},"content":{"rendered":"<p>[vc_row row_type=&#8220;2&#8243; align_center=&#8220;aligncenter&#8220; page_title=&#8220;page-title-x&#8220; full_container=&#8220;full-container&#8220; blox_padding_bottom=&#8220;30px&#8220; blox_bgcolor=&#8220;#fe9217&#8243;][vc_column width=&#8220;1\/2&#8243; offset=&#8220;vc_hidden-lg vc_hidden-md vc_col-xs-6&#8243; el_class=&#8220;butonxxx&#8220;]<a href=\"\/blog\/referencie-maklerov\" class=\"button theme-skin square large  \" target=\"_self\"><i class=\"fa-user\"><\/i>Na\u0161i spokojn\u00ed klienti<\/a>[\/vc_column][vc_column width=&#8220;1\/2&#8243; offset=&#8220;vc_hidden-lg vc_hidden-md vc_col-xs-6&#8243;]<a href=\"https:\/\/www.facebook.com\/TUreality1narealitnomtrhuvSR\/reviews\/?ref=page_internal\" class=\"button theme-skin square large  \" target=\"_blank\"><i class=\"sl-social-facebook\"><\/i>Ohodno\u0165te<br \/>\nn\u00e1s<\/a>[\/vc_column][\/vc_row][vc_row row_type=&#8220;2&#8243; page_title=&#8220;page-title-x&#8220;][vc_column]<article id=\"post-13662\" class=\"blog-post blgtyp2 post-13662 post type-post status-publish format-standard has-post-thumbnail hentry category-tureality\">\n\t <div class=\"col-md-5 alpha\">\n\t\t<a href=\"https:\/\/www.tureality.sk\/blog\/e-podanie-sluzba-ktora-setri\/\" title=\"Pr\u00e1vnik rad\u00ed: E-podanie \u2013 slu\u017eba, ktor\u00e1 \u0161etr\u00ed\"><img src=\"https:\/\/www.tureality.sk\/blog\/wp-content\/uploads\/2022\/03\/epodania.jpg\" alt=\"E podania\" class=\"landscape thumbnail michigan_webnus_blog2_img\" width=\"420\" height=\"280\" \/><\/a>\t<\/div>\n\t<div class=\"col-md-7 omega\">\n\n<div class=\"postmetadata\">\n<h6 class=\"blog-cat\"><a href=\"https:\/\/www.tureality.sk\/blog\/category\/tureality\/\" rel=\"category tag\">tureality<\/a> | <\/h6><h6 class=\"blog-date\"><a href=\"https:\/\/www.tureality.sk\/blog\/e-podanie-sluzba-ktora-setri\/\">10. marca 2022<\/a><\/h6>\n\t <\/div>\n\t\t<h3 class=\"post-title-ps1\"><a href=\"https:\/\/www.tureality.sk\/blog\/e-podanie-sluzba-ktora-setri\/\">Pr\u00e1vnik rad\u00ed: E-podanie \u2013 slu\u017eba, ktor\u00e1 \u0161etr\u00ed<\/a><\/h3>\n\t<p><strong>N\u00e1vrh na vklad vlastn\u00edckeho pr\u00e1va do katastra nehnute\u013enost\u00ed je nevyhnutn\u00fd na z\u00e1pis zmeny vlastn\u00edckeho pr\u00e1va k nehnute\u013enosti. S\u00a0elektronick\u00fdm podan\u00edm n\u00e1vrhu...<\/p><a class=\"readmore colorf colorr hcolorr\" href=\"https:\/\/www.tureality.sk\/blog\/e-podanie-sluzba-ktora-setri\/\">\u010c\u00edtajte viac<\/a>\n\t<\/div>\n<hr class=\"vertical-space1\">\n<\/article><article id=\"post-11945\" class=\"blog-post blgtyp2 post-11945 post type-post status-publish format-standard has-post-thumbnail hentry category-tureality\">\n\t <div class=\"col-md-5 alpha\">\n\t\t<a href=\"https:\/\/www.tureality.sk\/blog\/makler-martin-sklenar-v-realitach-nestaci-len-chciet\/\" title=\"TOP makl\u00e9r Ing. Martin Sklen\u00e1r: V realit\u00e1ch nesta\u010d\u00ed len chcie\u0165\"><img src=\"https:\/\/www.tureality.sk\/blog\/wp-content\/uploads\/2021\/03\/sklenar.jpg\" alt=\"TOP makl\u00e9r Ing. Martin Sklen\u00e1r: V realit\u00e1ch nesta\u010d\u00ed len chcie\u0165\" class=\"landscape thumbnail michigan_webnus_blog2_img\" width=\"420\" height=\"280\" \/><\/a>\t<\/div>\n\t<div class=\"col-md-7 omega\">\n\n<div class=\"postmetadata\">\n<h6 class=\"blog-cat\"><a href=\"https:\/\/www.tureality.sk\/blog\/category\/tureality\/\" rel=\"category tag\">tureality<\/a> | <\/h6><h6 class=\"blog-date\"><a href=\"https:\/\/www.tureality.sk\/blog\/makler-martin-sklenar-v-realitach-nestaci-len-chciet\/\">3. marca 2021<\/a><\/h6>\n\t <\/div>\n\t\t<h3 class=\"post-title-ps1\"><a href=\"https:\/\/www.tureality.sk\/blog\/makler-martin-sklenar-v-realitach-nestaci-len-chciet\/\">TOP makl\u00e9r Ing. Martin Sklen\u00e1r: V realit\u00e1ch nesta\u010d\u00ed len chcie\u0165<\/a><\/h3>\n\t<p>\r\n<p class=\"p1\">Je d\u00f4le\u017eit\u00e9 vyzna\u0165 sa v nehnute\u013enostiach? A v \u010dom je v\u00fdhoda pr\u00e1ce s realitami? Aj na tieto ot\u00e1zky odpovie sk\u00fasen\u00fd nitriansky makl\u00e9r Ing. Martin Sklen\u00e1r.<\/p>\r\n<strong>Kedy a pre\u010do ste sa rozhodli vysk\u00fa\u0161a\u0165...<\/p><a class=\"readmore colorf colorr hcolorr\" href=\"https:\/\/www.tureality.sk\/blog\/makler-martin-sklenar-v-realitach-nestaci-len-chciet\/\">\u010c\u00edtajte viac<\/a>\n\t<\/div>\n<hr class=\"vertical-space1\">\n<\/article><article id=\"post-12050\" class=\"blog-post blgtyp2 post-12050 post type-post status-publish format-standard has-post-thumbnail hentry category-tureality\">\n\t <div class=\"col-md-5 alpha\">\n\t\t<a href=\"https:\/\/www.tureality.sk\/blog\/trendy-v-interierovom-dizajne-v-roku-2021\/\" title=\"Trendy v interi\u00e9rovom dizajne v roku 2021\"><img src=\"https:\/\/www.tureality.sk\/blog\/wp-content\/uploads\/2021\/01\/Trendy-v-interie\u0301rovom-dizajne-v-roku-2021--420x330.jpg\" alt=\"Trendy v interi\u00e9rovom dizajne v roku 2021\" class=\"landscape thumbnail michigan_webnus_blog2_img\" width=\"420\" height=\"330\" \/><\/a>\t<\/div>\n\t<div class=\"col-md-7 omega\">\n\n<div class=\"postmetadata\">\n<h6 class=\"blog-cat\"><a href=\"https:\/\/www.tureality.sk\/blog\/category\/tureality\/\" rel=\"category tag\">tureality<\/a> | <\/h6><h6 class=\"blog-date\"><a href=\"https:\/\/www.tureality.sk\/blog\/trendy-v-interierovom-dizajne-v-roku-2021\/\">27. janu\u00e1ra 2021<\/a><\/h6>\n\t <\/div>\n\t\t<h3 class=\"post-title-ps1\"><a href=\"https:\/\/www.tureality.sk\/blog\/trendy-v-interierovom-dizajne-v-roku-2021\/\">Trendy v interi\u00e9rovom dizajne v roku 2021<\/a><\/h3>\n\t<p>Zistite, ak\u00e9 s\u00fa najv\u00e4\u010d\u0161ie interi\u00e9rov\u00e9 hity tohto roku, vyberte si, \u010do sa v\u00e1m p\u00e1\u010di najviac a pod\u013ea toho si prisp\u00f4sobte b\u00fdvanie a dizajn na svoju mieru. Od rast\u00faceho v\u00fdznamu udr\u017eate\u013en\u00fdch materi\u00e1lov a\u017e...<\/p><a class=\"readmore colorf colorr hcolorr\" href=\"https:\/\/www.tureality.sk\/blog\/trendy-v-interierovom-dizajne-v-roku-2021\/\">\u010c\u00edtajte viac<\/a>\n\t<\/div>\n<hr class=\"vertical-space1\">\n<\/article><article id=\"post-12007\" class=\"blog-post blgtyp2 post-12007 post type-post status-publish format-standard has-post-thumbnail hentry category-tureality\">\n\t <div class=\"col-md-5 alpha\">\n\t\t<a href=\"https:\/\/www.tureality.sk\/blog\/veduci-pobocky-v-ziline-vie-ze-ist-na-polovicny-plyn-sa-v-realitach-nevyplaca\/\" title=\"Ved\u00faci pobo\u010dky v \u017diline vie, \u017ee \u00eds\u0165 na polovi\u010dn\u00fd plyn sa v realit\u00e1ch nevypl\u00e1ca\"><img src=\"https:\/\/www.tureality.sk\/blog\/wp-content\/uploads\/2021\/01\/IMG_0222-420x330.jpg\" alt=\"Ved\u00faci pobo\u010dky v \u017diline vie, \u017ee \u00eds\u0165 na polovi\u010dn\u00fd plyn sa v realit\u00e1ch nevypl\u00e1ca\" class=\"landscape thumbnail michigan_webnus_blog2_img\" width=\"420\" height=\"330\" \/><\/a>\t<\/div>\n\t<div class=\"col-md-7 omega\">\n\n<div class=\"postmetadata\">\n<h6 class=\"blog-cat\"><a href=\"https:\/\/www.tureality.sk\/blog\/category\/tureality\/\" rel=\"category tag\">tureality<\/a> | <\/h6><h6 class=\"blog-date\"><a href=\"https:\/\/www.tureality.sk\/blog\/veduci-pobocky-v-ziline-vie-ze-ist-na-polovicny-plyn-sa-v-realitach-nevyplaca\/\">18. janu\u00e1ra 2021<\/a><\/h6>\n\t <\/div>\n\t\t<h3 class=\"post-title-ps1\"><a href=\"https:\/\/www.tureality.sk\/blog\/veduci-pobocky-v-ziline-vie-ze-ist-na-polovicny-plyn-sa-v-realitach-nevyplaca\/\">Ved\u00faci pobo\u010dky v \u017diline vie, \u017ee \u00eds\u0165 na polovi\u010dn\u00fd plyn sa v realit\u00e1ch nevypl\u00e1ca<\/a><\/h3>\n\t<p><p class=\"p1\">M\u00e1me pre v\u00e1s \u010fal\u0161\u00ed zo s\u00e9rie rozhovorov s na\u0161imi makl\u00e9rmi. Tentokr\u00e1t J\u00e1n Halu\u0161ka, ved\u00faci \u017eilinskej pobo\u010dky, v \u0148om prezr\u00e1dza, \u017ee \u00eds\u0165 na polovi\u010dn\u00fd plyn sa nevypl\u00e1ca ani v realit\u00e1ch.<\/p>\r\n<p class=\"p1\"><strong>Kedy a...<\/p><a class=\"readmore colorf colorr hcolorr\" href=\"https:\/\/www.tureality.sk\/blog\/veduci-pobocky-v-ziline-vie-ze-ist-na-polovicny-plyn-sa-v-realitach-nevyplaca\/\">\u010c\u00edtajte viac<\/a>\n\t<\/div>\n<hr class=\"vertical-space1\">\n<\/article><article id=\"post-11987\" class=\"blog-post blgtyp2 post-11987 post type-post status-publish format-standard has-post-thumbnail hentry category-tureality\">\n\t <div class=\"col-md-5 alpha\">\n\t\t<a href=\"https:\/\/www.tureality.sk\/blog\/podavanie-danoveho-priznania-za-rok-2021-dan-z-nehnutelnosti\/\" title=\"Pod\u00e1vanie da\u0148ov\u00e9ho priznania za rok 2021 - da\u0148 z nehnute\u013enosti\"><img src=\"https:\/\/www.tureality.sk\/blog\/wp-content\/uploads\/2021\/01\/female-hand-operating-calculator-front-villa-house-model-420x330.jpg\" alt=\"Pod\u00e1vanie da\u0148ov\u00e9ho priznania za rok 2021 - da\u0148 z nehnute\u013enosti\" class=\"landscape thumbnail michigan_webnus_blog2_img\" width=\"420\" height=\"330\" \/><\/a>\t<\/div>\n\t<div class=\"col-md-7 omega\">\n\n<div class=\"postmetadata\">\n<h6 class=\"blog-cat\"><a href=\"https:\/\/www.tureality.sk\/blog\/category\/tureality\/\" rel=\"category tag\">tureality<\/a> | <\/h6><h6 class=\"blog-date\"><a href=\"https:\/\/www.tureality.sk\/blog\/podavanie-danoveho-priznania-za-rok-2021-dan-z-nehnutelnosti\/\">18. janu\u00e1ra 2021<\/a><\/h6>\n\t <\/div>\n\t\t<h3 class=\"post-title-ps1\"><a href=\"https:\/\/www.tureality.sk\/blog\/podavanie-danoveho-priznania-za-rok-2021-dan-z-nehnutelnosti\/\">Pod\u00e1vanie da\u0148ov\u00e9ho priznania za rok 2021 &#8211; da\u0148 z nehnute\u013enosti<\/a><\/h3>\n\t<p><p class=\"p1\">Kto je povinn\u00fd poda\u0165 da\u0148 z nehnute\u013enosti za rok 2021? Ak ste majite\u013e bytu alebo domu, je potrebn\u00e9 vyplni\u0165 da\u0148ov\u00e9 priznanie do konca tohto mesiaca. TU v\u00e1m pripom\u00edname bl\u00ed\u017eiaci sa term\u00edn...<\/p><a class=\"readmore colorf colorr hcolorr\" href=\"https:\/\/www.tureality.sk\/blog\/podavanie-danoveho-priznania-za-rok-2021-dan-z-nehnutelnosti\/\">\u010c\u00edtajte viac<\/a>\n\t<\/div>\n<hr class=\"vertical-space1\">\n<\/article><article id=\"post-11928\" class=\"blog-post blgtyp2 post-11928 post type-post status-publish format-standard has-post-thumbnail hentry category-tureality\">\n\t <div class=\"col-md-5 alpha\">\n\t\t<a href=\"https:\/\/www.tureality.sk\/blog\/tu-relity-nema-v-odmenovani-hranice-tvrdi-maklerka-milota-balkova\/\" title=\"TUREALITY nem\u00e1 v odme\u0148ovan\u00ed hranice, tvrd\u00ed makl\u00e9rka Milota Balkov\u00e1\"><img src=\"https:\/\/www.tureality.sk\/blog\/wp-content\/uploads\/2020\/12\/Zmensene_Netlacit_GAL_3020_up-420x330.jpg\" alt=\"TUREALITY nem\u00e1 v odme\u0148ovan\u00ed hranice, tvrd\u00ed makl\u00e9rka Milota Balkov\u00e1\" class=\"landscape thumbnail michigan_webnus_blog2_img\" width=\"420\" height=\"330\" \/><\/a>\t<\/div>\n\t<div class=\"col-md-7 omega\">\n\n<div class=\"postmetadata\">\n<h6 class=\"blog-cat\"><a href=\"https:\/\/www.tureality.sk\/blog\/category\/tureality\/\" rel=\"category tag\">tureality<\/a> | <\/h6><h6 class=\"blog-date\"><a href=\"https:\/\/www.tureality.sk\/blog\/tu-relity-nema-v-odmenovani-hranice-tvrdi-maklerka-milota-balkova\/\">28. decembra 2020<\/a><\/h6>\n\t <\/div>\n\t\t<h3 class=\"post-title-ps1\"><a href=\"https:\/\/www.tureality.sk\/blog\/tu-relity-nema-v-odmenovani-hranice-tvrdi-maklerka-milota-balkova\/\">TUREALITY nem\u00e1 v odme\u0148ovan\u00ed hranice, tvrd\u00ed makl\u00e9rka Milota Balkov\u00e1<\/a><\/h3>\n\t<p>Pre\u010d\u00edtajte si rozhovor s na\u0161ou ostrie\u013eanou realitnou makl\u00e9rkou z Liptovsk\u00e9ho Mikul\u00e1\u0161a. Okrem in\u00e9ho prezrad\u00ed, \u010do je d\u00f4le\u017eit\u00e9 na za\u010diatku kari\u00e9ry ka\u017ed\u00e9ho, kto chce sko\u010di\u0165 do realitn\u00e9ho sveta a sta\u0165 sa makl\u00e9rom.\r\n\r\n<strong>Kedy a...<\/p><a class=\"readmore colorf colorr hcolorr\" href=\"https:\/\/www.tureality.sk\/blog\/tu-relity-nema-v-odmenovani-hranice-tvrdi-maklerka-milota-balkova\/\">\u010c\u00edtajte viac<\/a>\n\t<\/div>\n<hr class=\"vertical-space1\">\n<\/article><article id=\"post-10242\" class=\"blog-post blgtyp2 post-10242 post type-post status-publish format-standard has-post-thumbnail hentry category-tureality\">\n\t <div class=\"col-md-5 alpha\">\n\t\t<a href=\"https:\/\/www.tureality.sk\/blog\/pan-makler-o-susedoch\/\" title=\"P\u00e1n Ma(k)l\u00e9r: o susedoch\"><img src=\"https:\/\/www.tureality.sk\/blog\/wp-content\/uploads\/2018\/11\/o-susedoch-420x330.png\" alt=\"P\u00e1n Ma(k)l\u00e9r: o susedoch\" class=\"landscape thumbnail michigan_webnus_blog2_img\" width=\"420\" height=\"330\" \/><\/a>\t<\/div>\n\t<div class=\"col-md-7 omega\">\n\n<div class=\"postmetadata\">\n<h6 class=\"blog-cat\"><a href=\"https:\/\/www.tureality.sk\/blog\/category\/tureality\/\" rel=\"category tag\">tureality<\/a> | <\/h6><h6 class=\"blog-date\"><a href=\"https:\/\/www.tureality.sk\/blog\/pan-makler-o-susedoch\/\">16. novembra 2018<\/a><\/h6>\n\t <\/div>\n\t\t<h3 class=\"post-title-ps1\"><a href=\"https:\/\/www.tureality.sk\/blog\/pan-makler-o-susedoch\/\">P\u00e1n Ma(k)l\u00e9r: o susedoch<\/a><\/h3>\n\t<p>Viete, my sa toho bytu chceme zbavi\u0165, lebo sused je odkundes, ned\u00e1 sa s\u00a0n\u00edm. O\u00a0polnoci n\u00e1m trieska na dvere, no je toto norm\u00e1lne? To len, aby ste sa potom nes\u0165a\u017eovali, \u017ee som...<\/p><a class=\"readmore colorf colorr hcolorr\" href=\"https:\/\/www.tureality.sk\/blog\/pan-makler-o-susedoch\/\">\u010c\u00edtajte viac<\/a>\n\t<\/div>\n<hr class=\"vertical-space1\">\n<\/article><article id=\"post-10041\" class=\"blog-post blgtyp2 post-10041 post type-post status-publish format-standard has-post-thumbnail hentry category-tureality\">\n\t <div class=\"col-md-5 alpha\">\n\t\t<a href=\"https:\/\/www.tureality.sk\/blog\/pravnik-radi-o-tarchach-alebo-ako-nekupit-nehnutelnost-s-cudzou-babkou\/\" title=\"Pr\u00e1vnik rad\u00ed: o \u0165arch\u00e1ch alebo ako nek\u00fapi\u0165 nehnute\u013enos\u0165 s cudzou babkou\"><img src=\"https:\/\/www.tureality.sk\/blog\/wp-content\/uploads\/2018\/09\/babka-420x330.png\" alt=\"Pr\u00e1vnik rad\u00ed: o \u0165arch\u00e1ch alebo ako nek\u00fapi\u0165 nehnute\u013enos\u0165 s cudzou babkou\" class=\"landscape thumbnail michigan_webnus_blog2_img\" width=\"420\" height=\"330\" \/><\/a>\t<\/div>\n\t<div class=\"col-md-7 omega\">\n\n<div class=\"postmetadata\">\n<h6 class=\"blog-cat\"><a href=\"https:\/\/www.tureality.sk\/blog\/category\/tureality\/\" rel=\"category tag\">tureality<\/a> | <\/h6><h6 class=\"blog-date\"><a href=\"https:\/\/www.tureality.sk\/blog\/pravnik-radi-o-tarchach-alebo-ako-nekupit-nehnutelnost-s-cudzou-babkou\/\">8. okt\u00f3bra 2018<\/a><\/h6>\n\t <\/div>\n\t\t<h3 class=\"post-title-ps1\"><a href=\"https:\/\/www.tureality.sk\/blog\/pravnik-radi-o-tarchach-alebo-ako-nekupit-nehnutelnost-s-cudzou-babkou\/\">Pr\u00e1vnik rad\u00ed: o \u0165arch\u00e1ch alebo ako nek\u00fapi\u0165 nehnute\u013enos\u0165 s cudzou babkou<\/a><\/h3>\n\t<p>Pri k\u00fape nehnute\u013enosti venujte pozornos\u0165 \u0165arch\u00e1m, ktor\u00e9 s\u00fa na nehnute\u013enosti a\u00a0ktor\u00e9 m\u00f4\u017eu potenci\u00e1lneho majite\u013ea obmedzova\u0165 pri k\u00fape, alebo ktor\u00e9 na nov\u00e9ho majite\u013ea spolu s\u00a0nehnute\u013enos\u0165ou prech\u00e1dzaj\u00fa. Nov\u00fd majite\u013e je povinn\u00fd tak\u00e9to obmedzenia strpie\u0165....<\/p><a class=\"readmore colorf colorr hcolorr\" href=\"https:\/\/www.tureality.sk\/blog\/pravnik-radi-o-tarchach-alebo-ako-nekupit-nehnutelnost-s-cudzou-babkou\/\">\u010c\u00edtajte viac<\/a>\n\t<\/div>\n<hr class=\"vertical-space1\">\n<\/article><article id=\"post-10038\" class=\"blog-post blgtyp2 post-10038 post type-post status-publish format-standard has-post-thumbnail hentry category-tureality\">\n\t <div class=\"col-md-5 alpha\">\n\t\t<a href=\"https:\/\/www.tureality.sk\/blog\/pravnik-radi-speciality-pri-prevode-nehnutelnosti\/\" title=\"Pr\u00e1vnik rad\u00ed: \u0161peciality pri prevode nehnute\u013enosti\"><img src=\"https:\/\/www.tureality.sk\/blog\/wp-content\/uploads\/2018\/10\/pravnici_paragraf-420x330.png\" alt=\"Pr\u00e1vnik rad\u00ed: \u0161peciality pri prevode nehnute\u013enosti\" class=\"landscape thumbnail michigan_webnus_blog2_img\" width=\"420\" height=\"330\" \/><\/a>\t<\/div>\n\t<div class=\"col-md-7 omega\">\n\n<div class=\"postmetadata\">\n<h6 class=\"blog-cat\"><a href=\"https:\/\/www.tureality.sk\/blog\/category\/tureality\/\" rel=\"category tag\">tureality<\/a> | <\/h6><h6 class=\"blog-date\"><a href=\"https:\/\/www.tureality.sk\/blog\/pravnik-radi-speciality-pri-prevode-nehnutelnosti\/\">1. okt\u00f3bra 2018<\/a><\/h6>\n\t <\/div>\n\t\t<h3 class=\"post-title-ps1\"><a href=\"https:\/\/www.tureality.sk\/blog\/pravnik-radi-speciality-pri-prevode-nehnutelnosti\/\">Pr\u00e1vnik rad\u00ed: \u0161peciality pri prevode nehnute\u013enosti<\/a><\/h3>\n\t<p>Pri prevode nehnute\u013enost\u00ed \u010dastokr\u00e1t doch\u00e1dza k\u00a0situ\u00e1ci\u00e1m ktor\u00e9 vy\u017eaduj\u00fa, aby\u00a0p\u00edsomn\u00e9 vyhotovenie zmluvy upravuj\u00facej prevod nehnute\u013enosti obsahoval okrem podstatn\u00fdch n\u00e1le\u017eitost\u00ed aj \u010fal\u0161ie, \u0161peci\u00e1lne n\u00e1le\u017eitosti.\r\n\r\nPr\u00edkladom je prevod vlastn\u00edctva bytu, ke\u010f je potrebn\u00e9 okrem n\u00e1le\u017eitost\u00ed upraven\u00fdch...<\/p><a class=\"readmore colorf colorr hcolorr\" href=\"https:\/\/www.tureality.sk\/blog\/pravnik-radi-speciality-pri-prevode-nehnutelnosti\/\">\u010c\u00edtajte viac<\/a>\n\t<\/div>\n<hr class=\"vertical-space1\">\n<\/article><article id=\"post-10035\" class=\"blog-post blgtyp2 post-10035 post type-post status-publish format-standard has-post-thumbnail hentry category-tureality\">\n\t <div class=\"col-md-5 alpha\">\n\t\t<a href=\"https:\/\/www.tureality.sk\/blog\/pravnik-radi-riziko-platby-v-hotovosti\/\" title=\"Pr\u00e1vnik rad\u00ed: riziko platby v hotovosti\"><img src=\"https:\/\/www.tureality.sk\/blog\/wp-content\/uploads\/2018\/09\/hotovost-420x330.png\" alt=\"Pr\u00e1vnik rad\u00ed: riziko platby v hotovosti\" class=\"landscape thumbnail michigan_webnus_blog2_img\" width=\"420\" height=\"330\" \/><\/a>\t<\/div>\n\t<div class=\"col-md-7 omega\">\n\n<div class=\"postmetadata\">\n<h6 class=\"blog-cat\"><a href=\"https:\/\/www.tureality.sk\/blog\/category\/tureality\/\" rel=\"category tag\">tureality<\/a> | <\/h6><h6 class=\"blog-date\"><a href=\"https:\/\/www.tureality.sk\/blog\/pravnik-radi-riziko-platby-v-hotovosti\/\">24. septembra 2018<\/a><\/h6>\n\t <\/div>\n\t\t<h3 class=\"post-title-ps1\"><a href=\"https:\/\/www.tureality.sk\/blog\/pravnik-radi-riziko-platby-v-hotovosti\/\">Pr\u00e1vnik rad\u00ed: riziko platby v hotovosti<\/a><\/h3>\n\t<p>Ak kupujete nehnute\u013enos\u0165 v\u00a0hotovosti, venujte pozornos\u0165 nasledovn\u00fdm riadkom. Vypl\u00e1canie finan\u010dn\u00fdch prostriedkov v\u00a0hotovosti z\u00a0vlastn\u00fdch zdrojov m\u00f4\u017ee by\u0165 rizikovou transakciou. Najm\u00e4 ak kupuj\u00faci zaplatil pred\u00e1vaj\u00facemu k\u00fapnu cenu za nehnute\u013enos\u0165, av\u0161ak st\u00e1le nem\u00e1 rozhodnutie o\u00a0tom,...<\/p><a class=\"readmore colorf colorr hcolorr\" href=\"https:\/\/www.tureality.sk\/blog\/pravnik-radi-riziko-platby-v-hotovosti\/\">\u010c\u00edtajte viac<\/a>\n\t<\/div>\n<hr class=\"vertical-space1\">\n<\/article>[\/vc_column][\/vc_row]<\/p>\n ","protected":false},"excerpt":{"rendered":"<p>[vc_row row_type=&#8220;2&#8243; align_center=&#8220;aligncenter&#8220; page_title=&#8220;page-title-x&#8220; full_container=&#8220;full-container&#8220; blox_padding_bottom=&#8220;30px&#8220; blox_bgcolor=&#8220;#fe9217&#8243;][vc_column width=&#8220;1\/2&#8243; offset=&#8220;vc_hidden-lg vc_hidden-md vc_col-xs-6&#8243; el_class=&#8220;butonxxx&#8220;][\/vc_column][vc_column width=&#8220;1\/2&#8243; offset=&#8220;vc_hidden-lg vc_hidden-md vc_col-xs-6&#8243;][\/vc_column][\/vc_row][vc_row row_type=&#8220;2&#8243; page_title=&#8220;page-title-x&#8220;][vc_column][\/vc_column][\/vc_row]<\/p>\n","protected":false},"author":1,"featured_media":0,"parent":0,"menu_order":0,"comment_status":"closed","ping_status":"closed","template":"","meta":{"ub_ctt_via":""},"featured_image_src":null,"yoast_head":"<!-- This site is optimized with the Yoast SEO plugin v17.2.1 - https:\/\/yoast.com\/wordpress\/plugins\/seo\/ -->\n<title>Blog - Tureality - najlep\u0161ia realitka na Slovensku<\/title>\n<meta name=\"robots\" content=\"index, follow, max-snippet:-1, max-image-preview:large, max-video-preview:-1\" \/>\n<link rel=\"canonical\" href=\"https:\/\/www.tureality.sk\/blog\/blog\/\" \/>\n<meta property=\"og:locale\" content=\"sk_SK\" \/>\n<meta property=\"og:type\" content=\"article\" \/>\n<meta property=\"og:title\" content=\"Blog - Tureality - najlep\u0161ia realitka na Slovensku\" \/>\n<meta property=\"og:description\" content=\"[vc_row row_type=&#8220;2&#8243; align_center=&#8220;aligncenter&#8220; page_title=&#8220;page-title-x&#8220; full_container=&#8220;full-container&#8220; blox_padding_bottom=&#8220;30px&#8220; blox_bgcolor=&#8220;#fe9217&#8243;][vc_column width=&#8220;1\/2&#8243; offset=&#8220;vc_hidden-lg vc_hidden-md vc_col-xs-6&#8243; el_class=&#8220;butonxxx&#8220;][\/vc_column][vc_column width=&#8220;1\/2&#8243; offset=&#8220;vc_hidden-lg vc_hidden-md vc_col-xs-6&#8243;][\/vc_column][\/vc_row][vc_row row_type=&#8220;2&#8243; page_title=&#8220;page-title-x&#8220;][vc_column][\/vc_column][\/vc_row]\" \/>\n<meta property=\"og:url\" content=\"https:\/\/www.tureality.sk\/blog\/blog\/\" \/>\n<meta property=\"og:site_name\" content=\"Tureality - najlep\u0161ia realitka na Slovensku\" \/>\n<meta property=\"article:modified_time\" content=\"2022-08-11T09:12:20+00:00\" \/>\n<meta name=\"twitter:card\" content=\"summary_large_image\" \/>\n<meta name=\"twitter:label1\" content=\"Predpokladan\u00fd \u010das \u010d\u00edtania\" \/>\n\t<meta name=\"twitter:data1\" content=\"1 min\u00fata\" \/>\n<script type=\"application\/ld+json\" class=\"yoast-schema-graph\">{\"@context\":\"https:\/\/schema.org\",\"@graph\":[{\"@type\":\"WebSite\",\"@id\":\"https:\/\/www.tureality.sk\/blog\/#website\",\"url\":\"https:\/\/www.tureality.sk\/blog\/\",\"name\":\"Tureality - najlep\\u0161ia realitka na Slovensku\",\"description\":\"jednotka na realitnom trhu\",\"potentialAction\":[{\"@type\":\"SearchAction\",\"target\":{\"@type\":\"EntryPoint\",\"urlTemplate\":\"https:\/\/www.tureality.sk\/blog\/?s={search_term_string}\"},\"query-input\":\"required name=search_term_string\"}],\"inLanguage\":\"sk-SK\"},{\"@type\":\"WebPage\",\"@id\":\"https:\/\/www.tureality.sk\/blog\/blog\/#webpage\",\"url\":\"https:\/\/www.tureality.sk\/blog\/blog\/\",\"name\":\"Blog - Tureality - najlep\\u0161ia realitka na Slovensku\",\"isPartOf\":{\"@id\":\"https:\/\/www.tureality.sk\/blog\/#website\"},\"datePublished\":\"2017-02-07T07:13:00+00:00\",\"dateModified\":\"2022-08-11T09:12:20+00:00\",\"breadcrumb\":{\"@id\":\"https:\/\/www.tureality.sk\/blog\/blog\/#breadcrumb\"},\"inLanguage\":\"sk-SK\",\"potentialAction\":[{\"@type\":\"ReadAction\",\"target\":[\"https:\/\/www.tureality.sk\/blog\/blog\/\"]}]},{\"@type\":\"BreadcrumbList\",\"@id\":\"https:\/\/www.tureality.sk\/blog\/blog\/#breadcrumb\",\"itemListElement\":[{\"@type\":\"ListItem\",\"position\":1,\"name\":\"Domovsk\\u00e1 str\\u00e1nka\",\"item\":\"https:\/\/www.tureality.sk\/blog\/\"},{\"@type\":\"ListItem\",\"position\":2,\"name\":\"Blog\"}]}]}<\/script>\n<!-- \/ Yoast SEO plugin. -->","yoast_head_json":{"title":"Blog - Tureality - najlep\u0161ia realitka na Slovensku","robots":{"index":"index","follow":"follow","max-snippet":"max-snippet:-1","max-image-preview":"max-image-preview:large","max-video-preview":"max-video-preview:-1"},"canonical":"https:\/\/www.tureality.sk\/blog\/blog\/","og_locale":"sk_SK","og_type":"article","og_title":"Blog - Tureality - najlep\u0161ia realitka na Slovensku","og_description":"[vc_row row_type=&#8220;2&#8243; align_center=&#8220;aligncenter&#8220; page_title=&#8220;page-title-x&#8220; full_container=&#8220;full-container&#8220; blox_padding_bottom=&#8220;30px&#8220; blox_bgcolor=&#8220;#fe9217&#8243;][vc_column width=&#8220;1\/2&#8243; offset=&#8220;vc_hidden-lg vc_hidden-md vc_col-xs-6&#8243; el_class=&#8220;butonxxx&#8220;][\/vc_column][vc_column width=&#8220;1\/2&#8243; offset=&#8220;vc_hidden-lg vc_hidden-md vc_col-xs-6&#8243;][\/vc_column][\/vc_row][vc_row row_type=&#8220;2&#8243; page_title=&#8220;page-title-x&#8220;][vc_column][\/vc_column][\/vc_row]","og_url":"https:\/\/www.tureality.sk\/blog\/blog\/","og_site_name":"Tureality - najlep\u0161ia realitka na Slovensku","article_modified_time":"2022-08-11T09:12:20+00:00","twitter_card":"summary_large_image","twitter_misc":{"Predpokladan\u00fd \u010das \u010d\u00edtania":"1 min\u00fata"},"schema":{"@context":"https:\/\/schema.org","@graph":[{"@type":"WebSite","@id":"https:\/\/www.tureality.sk\/blog\/#website","url":"https:\/\/www.tureality.sk\/blog\/","name":"Tureality - najlep\u0161ia realitka na Slovensku","description":"jednotka na realitnom trhu","potentialAction":[{"@type":"SearchAction","target":{"@type":"EntryPoint","urlTemplate":"https:\/\/www.tureality.sk\/blog\/?s={search_term_string}"},"query-input":"required name=search_term_string"}],"inLanguage":"sk-SK"},{"@type":"WebPage","@id":"https:\/\/www.tureality.sk\/blog\/blog\/#webpage","url":"https:\/\/www.tureality.sk\/blog\/blog\/","name":"Blog - Tureality - najlep\u0161ia realitka na Slovensku","isPartOf":{"@id":"https:\/\/www.tureality.sk\/blog\/#website"},"datePublished":"2017-02-07T07:13:00+00:00","dateModified":"2022-08-11T09:12:20+00:00","breadcrumb":{"@id":"https:\/\/www.tureality.sk\/blog\/blog\/#breadcrumb"},"inLanguage":"sk-SK","potentialAction":[{"@type":"ReadAction","target":["https:\/\/www.tureality.sk\/blog\/blog\/"]}]},{"@type":"BreadcrumbList","@id":"https:\/\/www.tureality.sk\/blog\/blog\/#breadcrumb","itemListElement":[{"@type":"ListItem","position":1,"name":"Domovsk\u00e1 str\u00e1nka","item":"https:\/\/www.tureality.sk\/blog\/"},{"@type":"ListItem","position":2,"name":"Blog"}]}]}},"_links":{"self":[{"href":"https:\/\/www.tureality.sk\/blog\/wp-json\/wp\/v2\/pages\/8611"}],"collection":[{"href":"https:\/\/www.tureality.sk\/blog\/wp-json\/wp\/v2\/pages"}],"about":[{"href":"https:\/\/www.tureality.sk\/blog\/wp-json\/wp\/v2\/types\/page"}],"author":[{"embeddable":true,"href":"https:\/\/www.tureality.sk\/blog\/wp-json\/wp\/v2\/users\/1"}],"replies":[{"embeddable":true,"href":"https:\/\/www.tureality.sk\/blog\/wp-json\/wp\/v2\/comments?post=8611"}],"version-history":[{"count":0,"href":"https:\/\/www.tureality.sk\/blog\/wp-json\/wp\/v2\/pages\/8611\/revisions"}],"wp:attachment":[{"href":"https:\/\/www.tureality.sk\/blog\/wp-json\/wp\/v2\/media?parent=8611"}],"curies":[{"name":"wp","href":"https:\/\/api.w.org\/{rel}","templated":true}]}}